{"id":10,"date":"2019-11-14T16:40:12","date_gmt":"2019-11-14T15:40:12","guid":{"rendered":"https:\/\/segl.no\/?page_id=10"},"modified":"2024-11-25T10:43:31","modified_gmt":"2024-11-25T09:43:31","slug":"aar","status":"publish","type":"page","link":"https:\/\/segl.no\/index.php\/aar\/","title":{"rendered":"\u00c5rganger"},"content":{"rendered":"\r\n<div class=\"wp-block-group\">\r\n<div class=\"wp-block-group__inner-container is-layout-flow wp-block-group-is-layout-flow\">\r\n<p>Her kan du kj\u00f8pe tidligere \u00e5rganger av SEGL eller\u00a0laste de ned i pdf-format.\u00a0<\/p>\r\n\r\n\r\n\r\n<div class=\"wp-block-spacer\" style=\"height: 100px;\" aria-hidden=\"true\">\u00a0<\/div>\r\n\r\n\r\n\r\n<div class=\"wp-block-media-text alignwide\" style=\"grid-template-columns: 21% auto;\">\r\n<figure class=\"wp-block-media-text__media\"><img loading=\"lazy\" decoding=\"async\" width=\"150\" height=\"131\" class=\"wp-image-77\" src=\"https:\/\/segl.no\/wp-content\/uploads\/2019\/11\/SEGL_MK_150px-1.png\" alt=\"\" \/><\/figure>\r\n<div class=\"wp-block-media-text__content\">\r\n<p class=\"has-medium-font-size\"><a href=\"https:\/\/segl.no\/wp-content\/uploads\/2019\/11\/SEGL_2012.pdf\" target=\"_blank\" rel=\"noreferrer noopener\" aria-label=\"2013  (\u00e5pner i en ny fane)\">2012<\/a><\/p>\r\n\r\n\r\n\r\n<p class=\"has-small-font-size\">Et katolsk \u00e5rsskrift<\/p>\r\n<p><a href=\"https:\/\/stolavforlag.no\/index.php\/produkt\/segl-katolsk-arsskrift-for-religion-og-samfunn-2012\/\">KJ\u00d8P<\/a><\/p>\r\n<\/div>\r\n<\/div>\r\n\r\n\r\n<hr class=\"wp-block-separator is-style-dots\" \/>\r\n\r\n\r\n<div class=\"wp-block-spacer\" style=\"height: 50px;\" aria-hidden=\"true\">\u00a0<\/div>\r\n\r\n\r\n\r\n<div class=\"wp-block-media-text alignwide\" style=\"grid-template-columns: 21% auto;\">\r\n<figure class=\"wp-block-media-text__media\"><img loading=\"lazy\" decoding=\"async\" width=\"150\" height=\"131\" class=\"wp-image-77\" src=\"https:\/\/segl.no\/wp-content\/uploads\/2019\/11\/SEGL_MK_150px-1.png\" alt=\"\" \/><\/figure>\r\n<div class=\"wp-block-media-text__content\">\r\n<p class=\"has-medium-font-size\"><a href=\"https:\/\/segl.no\/wp-content\/uploads\/2019\/11\/SEGL_2013.pdf\" target=\"_blank\" rel=\"noreferrer noopener\" aria-label=\"2013  (\u00e5pner i en ny fane)\">2013<\/a><\/p>\r\n\r\n\r\n\r\n<p class=\"has-small-font-size\">Katolsk Humanisme<\/p>\r\n<p><a href=\"https:\/\/stolavforlag.no\/index.php\/produkt\/segl-katolsk-arsskrift-for-religion-og-samfunn-2013\/\">KJ\u00d8P<\/a><\/p>\r\n<\/div>\r\n<\/div>\r\n\r\n\r\n<hr class=\"wp-block-separator is-style-dots\" \/>\r\n\r\n\r\n<div class=\"wp-block-spacer\" style=\"height: 50px;\" aria-hidden=\"true\">\u00a0<\/div>\r\n\r\n\r\n\r\n<div class=\"wp-block-media-text alignwide\" style=\"grid-template-columns: 21% auto;\">\r\n<figure class=\"wp-block-media-text__media\"><img loading=\"lazy\" decoding=\"async\" width=\"150\" height=\"131\" class=\"wp-image-77\" src=\"https:\/\/segl.no\/wp-content\/uploads\/2019\/11\/SEGL_MK_150px-1.png\" alt=\"\" \/><\/figure>\r\n<div class=\"wp-block-media-text__content\">\r\n<p class=\"has-medium-font-size\"><a href=\"https:\/\/segl.no\/wp-content\/uploads\/2019\/11\/SEGL_2014.pdf\" target=\"_blank\" rel=\"noreferrer noopener\" aria-label=\"2014 (\u00e5pner i en ny fane)\">2014<\/a><\/p>\r\n\r\n\r\n\r\n<p class=\"has-small-font-size\">\u00c5 holde fast ved kj\u00e6rligheten<\/p>\r\n<p><a href=\"https:\/\/stolavforlag.no\/index.php\/produkt\/segl-katolsk-arsskrift-for-religion-og-samfunn-2014\/\">KJ\u00d8P<\/a><\/p>\r\n<\/div>\r\n<\/div>\r\n\r\n\r\n<hr class=\"wp-block-separator is-style-dots\" \/>\r\n\r\n\r\n<div class=\"wp-block-spacer\" style=\"height: 50px;\" aria-hidden=\"true\">\u00a0<\/div>\r\n\r\n\r\n\r\n<div class=\"wp-block-media-text alignwide\" style=\"grid-template-columns: 21% auto;\">\r\n<figure class=\"wp-block-media-text__media\"><img loading=\"lazy\" decoding=\"async\" width=\"150\" height=\"131\" class=\"wp-image-77\" src=\"https:\/\/segl.no\/wp-content\/uploads\/2019\/11\/SEGL_MK_150px-1.png\" alt=\"\" \/><\/figure>\r\n<div class=\"wp-block-media-text__content\">\r\n<p class=\"has-medium-font-size\"><a href=\"https:\/\/segl.no\/wp-content\/uploads\/2019\/11\/SEGL_2015.pdf\" target=\"_blank\" rel=\"noreferrer noopener\" aria-label=\"2015 (\u00e5pner i en ny fane)\">2015<\/a><\/p>\r\n\r\n\r\n\r\n<p class=\"has-small-font-size\">D\u00f8den og h\u00e5pet<br \/>Teresa av Avilas 500-\u00e5rsminne<\/p>\r\n<p><a href=\"https:\/\/stolavforlag.no\/index.php\/produkt\/segl-katolsk-arsskrift-for-religion-og-samfunn-2015\/\">KJ\u00d8P<\/a><\/p>\r\n<\/div>\r\n<\/div>\r\n\r\n\r\n<hr class=\"wp-block-separator is-style-dots\" \/>\r\n\r\n\r\n<div class=\"wp-block-spacer\" style=\"height: 50px;\" aria-hidden=\"true\">\u00a0<\/div>\r\n\r\n\r\n\r\n<div class=\"wp-block-media-text alignwide\" style=\"grid-template-columns: 21% auto;\">\r\n<figure class=\"wp-block-media-text__media\"><img loading=\"lazy\" decoding=\"async\" width=\"150\" height=\"131\" class=\"wp-image-77\" src=\"https:\/\/segl.no\/wp-content\/uploads\/2019\/11\/SEGL_MK_150px-1.png\" alt=\"\" \/><\/figure>\r\n<div class=\"wp-block-media-text__content\">\r\n<p class=\"has-medium-font-size\"><a href=\"https:\/\/segl.no\/wp-content\/uploads\/2019\/11\/SEGL_2016.pdf\" target=\"_blank\" rel=\"noreferrer noopener\" aria-label=\"2016 (\u00e5pner i en ny fane)\">2016<\/a><\/p>\r\n\r\n\r\n\r\n<p class=\"has-small-font-size\">Barmhjertighet<\/p>\r\n<p><a href=\"https:\/\/stolavforlag.no\/index.php\/produkt\/segl-katolsk-arsskrift-for-religion-og-samfunn-2016\/\">KJ\u00d8P<\/a><\/p>\r\n<\/div>\r\n<\/div>\r\n\r\n\r\n<hr class=\"wp-block-separator is-style-dots\" \/>\r\n\r\n\r\n<div class=\"wp-block-spacer\" style=\"height: 50px;\" aria-hidden=\"true\">\u00a0<\/div>\r\n\r\n\r\n\r\n<div class=\"wp-block-media-text alignwide\" style=\"grid-template-columns: 21% auto;\">\r\n<figure class=\"wp-block-media-text__media\"><img loading=\"lazy\" decoding=\"async\" width=\"150\" height=\"131\" class=\"wp-image-77\" src=\"https:\/\/segl.no\/wp-content\/uploads\/2019\/11\/SEGL_MK_150px-1.png\" alt=\"\" \/><\/figure>\r\n<div class=\"wp-block-media-text__content\">\r\n<p class=\"has-medium-font-size\"><a href=\"https:\/\/segl.no\/wp-content\/uploads\/2019\/11\/SEGL_2017.pdf\" target=\"_blank\" rel=\"noreferrer noopener\" aria-label=\"2017 (\u00e5pner i en ny fane)\">2017<\/a><\/p>\r\n\r\n\r\n\r\n<p class=\"has-small-font-size\">Sant menneske<\/p>\r\n<p><a href=\"https:\/\/stolavforlag.no\/index.php\/produkt\/segl-katolsk-arsskrift-for-religion-og-samfunn-2017\/\">KJ\u00d8P<\/a><\/p>\r\n<\/div>\r\n<\/div>\r\n\r\n\r\n<hr class=\"wp-block-separator is-style-dots\" \/>\r\n\r\n\r\n<div class=\"wp-block-spacer\" style=\"height: 50px;\" aria-hidden=\"true\">\u00a0<\/div>\r\n\r\n\r\n\r\n<div class=\"wp-block-media-text alignwide\" style=\"grid-template-columns: 21% auto;\">\r\n<figure class=\"wp-block-media-text__media\"><img loading=\"lazy\" decoding=\"async\" width=\"150\" height=\"131\" class=\"wp-image-77\" src=\"https:\/\/segl.no\/wp-content\/uploads\/2019\/11\/SEGL_MK_150px-1.png\" alt=\"\" \/><\/figure>\r\n<div class=\"wp-block-media-text__content\">\r\n<p class=\"has-medium-font-size\"><a href=\"https:\/\/segl.no\/wp-content\/uploads\/2019\/11\/SEGL_2018.pdf\" target=\"_blank\" rel=\"noreferrer noopener\" aria-label=\"2018 (\u00e5pner i en ny fane)\">2018<\/a><\/p>\r\n\r\n\r\n\r\n<p class=\"has-small-font-size\">Kristendom \u2013 rett og slett<\/p>\r\n<p><a href=\"https:\/\/stolavforlag.no\/index.php\/produkt\/segl-2018-katolsk-tidsskrift-for-religion-og-samfunn\/\">KJ\u00d8P<\/a><\/p>\r\n<hr \/><\/div>\r\n<\/div>\r\n<\/div>\r\n<\/div>\r\n\r\n\r\n<hr class=\"wp-block-separator is-style-dots\" \/>\r\n\r\n\r\n<div class=\"wp-block-spacer\" style=\"height: 50px;\" aria-hidden=\"true\">\u00a0<\/div>\r\n\r\n\r\n\r\n<div class=\"wp-block-media-text alignwide\" style=\"grid-template-columns: 21% auto;\">\r\n<figure class=\"wp-block-media-text__media\"><img loading=\"lazy\" decoding=\"async\" width=\"150\" height=\"131\" class=\"wp-image-77\" src=\"https:\/\/segl.no\/wp-content\/uploads\/2019\/11\/SEGL_MK_150px-1.png\" alt=\"\" \/><\/figure>\r\n<div class=\"wp-block-media-text__content\">\r\n<p class=\"has-medium-font-size\"><a href=\"https:\/\/segl.no\/wp-content\/uploads\/2021\/11\/SEGL_2019_WEB.pdf\">2019<\/a><\/p>\r\n\r\n\r\n\r\n<p class=\"has-small-font-size\">Om frihet<\/p>\r\n<p><a href=\"https:\/\/stolavforlag.no\/index.php\/produkt\/segl-2019\/\">KJ\u00d8P<\/a><\/p>\r\n<\/div>\r\n<\/div>\r\n\r\n<p>&nbsp;<\/p>\r\n<!-- \/wp:post-content -->\r\n\r\n<!-- wp:separator {\"className\":\"is-style-dots\"} --><hr class=\"wp-block-separator is-style-dots\" \/><!-- \/wp:separator -->\r\n\r\n<!-- wp:spacer {\"height\":50} -->\r\n<div class=\"wp-block-spacer\" style=\"height: 50px;\" aria-hidden=\"true\">\u00a0<\/div>\r\n<!-- \/wp:spacer -->\r\n\r\n<!-- wp:media-text {\"mediaId\":77,\"mediaType\":\"image\",\"mediaWidth\":21} -->\r\n<div class=\"wp-block-media-text alignwide\" style=\"grid-template-columns: 21% auto;\">\r\n<figure class=\"wp-block-media-text__media\"><img loading=\"lazy\" decoding=\"async\" width=\"150\" height=\"131\" class=\"wp-image-77 alignnone\" src=\"https:\/\/segl.no\/wp-content\/uploads\/2019\/11\/SEGL_MK_150px-1.png\" alt=\"\" \/><\/figure>\r\n<div class=\"wp-block-media-text__content\"><!-- wp:paragraph {\"placeholder\":\"Innhold...\",\"fontSize\":\"medium\"} -->\r\n<p class=\"has-medium-font-size\"><a href=\"https:\/\/segl.no\/wp-content\/uploads\/2021\/11\/SEGL_2020_WEB.pdf\" target=\"_blank\" rel=\"noreferrer noopener\" aria-label=\"2018 (\u00e5pner i en ny fane)\">2020<\/a><\/p>\r\n<!-- \/wp:paragraph -->\r\n\r\n<!-- wp:paragraph {\"fontSize\":\"small\"} -->\r\n<p class=\"has-small-font-size\">En br\u00f8drefortelling \u2013 om forholdet mellom j\u00f8dedom og kristendom<\/p>\r\n<p><a href=\"https:\/\/stolavforlag.no\/index.php\/produkt\/segl-2020\/\">KJ\u00d8P<\/a><\/p>\r\n<!-- \/wp:paragraph --><\/div>\r\n<!-- \/wp:media-text --><\/div>\r\n<!-- \/wp:media-text -->\r\n<p>&nbsp;<\/p>\r\n<!-- wp:separator {\"className\":\"is-style-dots\"} --><hr class=\"wp-block-separator is-style-dots\" \/><!-- \/wp:separator -->\r\n\r\n<!-- wp:spacer {\"height\":50} -->\r\n<div aria-hidden=\"true\">\u00a0<\/div>\r\n<div class=\"wp-block-spacer\" style=\"height: 50px;\" aria-hidden=\"true\">\r\n<div class=\"wp-block-media-text alignwide\" style=\"grid-template-columns: 21% auto;\">\r\n<figure class=\"wp-block-media-text__media\"><img loading=\"lazy\" decoding=\"async\" width=\"150\" height=\"131\" class=\"wp-image-77 alignnone\" src=\"https:\/\/segl.no\/wp-content\/uploads\/2019\/11\/SEGL_MK_150px-1.png\" alt=\"\" \/><\/figure>\r\n<\/div>\r\n<\/div>\r\n<div aria-hidden=\"true\">\u00a0<\/div>\r\n<div aria-hidden=\"true\">\u00a0<\/div>\r\n<div aria-hidden=\"true\">\u00a0<\/div>\r\n<div class=\"wp-block-spacer\" style=\"height: 50px;\" aria-hidden=\"true\"><a href=\"https:\/\/segl.no\/wp-content\/uploads\/2022\/11\/SEGL_2021_WEB.pdf\" target=\"_blank\" rel=\"noopener\">2021<\/a><\/div>\r\n<div aria-hidden=\"true\">\r\n<div class=\"wp-block-media-text__content\"><!-- \/wp:paragraph -->\r\n\r\n<!-- wp:paragraph {\"fontSize\":\"small\"} -->\r\n<p class=\"has-small-font-size\">Om Kirkens \u00abandre lunge\u00bb<\/p>\r\n<p><a href=\"https:\/\/stolavbok.no\/produkt\/65975072\/segl-2021\">KJ\u00d8P<\/a><\/p>\r\n<p>&nbsp;<\/p>\r\n<p><!-- wp:separator {\"className\":\"is-style-dots\"} --><\/p>\r\n<hr class=\"wp-block-separator is-style-dots\" \/>\r\n<p><!-- \/wp:separator -->\r\n\r\n<!-- wp:spacer {\"height\":50} --><\/p>\r\n<div aria-hidden=\"true\">\u00a0<\/div>\r\n<div class=\"wp-block-spacer\" style=\"height: 50px;\" aria-hidden=\"true\">\r\n<div class=\"wp-block-media-text alignwide\" style=\"grid-template-columns: 21% auto;\">\r\n<figure class=\"wp-block-media-text__media\"><img loading=\"lazy\" decoding=\"async\" width=\"150\" height=\"131\" class=\"wp-image-77 alignnone\" src=\"https:\/\/segl.no\/wp-content\/uploads\/2019\/11\/SEGL_MK_150px-1.png\" alt=\"\" \/><\/figure>\r\n<\/div>\r\n<\/div>\r\n<div aria-hidden=\"true\">\u00a0<\/div>\r\n<div aria-hidden=\"true\">\u00a0<\/div>\r\n<div aria-hidden=\"true\">\u00a0<\/div>\r\n<div class=\"wp-block-spacer\" style=\"height: 50px;\" aria-hidden=\"true\"><a href=\"https:\/\/segl.no\/wp-content\/uploads\/2024\/05\/TEXT_SEGL_2022WEB.pdf\" target=\"_blank\" rel=\"noopener\">2022<\/a><\/div>\r\n<div aria-hidden=\"true\">\r\n<div class=\"wp-block-media-text__content\"><!-- \/wp:paragraph -->\r\n\r\n<!-- wp:paragraph {\"fontSize\":\"small\"} -->\r\n<p class=\"has-small-font-size\">Unders\u00f8ker og utfordrer noe av tematikken i fortellingen om \u00abGuds d\u00f8d\u00bb<\/p>\r\n<p><a href=\"https:\/\/stolavbok.no\/produkt\/segl-2022\/\">KJ\u00d8P<\/a><\/p>\r\n<p>&nbsp;<\/p>\r\n<p><!-- wp:separator {\"className\":\"is-style-dots\"} --><\/p>\r\n<hr class=\"wp-block-separator is-style-dots\" \/>\r\n<p><!-- \/wp:separator -->\r\n\r\n<!-- wp:spacer {\"height\":50} --><\/p>\r\n<div aria-hidden=\"true\">\u00a0<\/div>\r\n<div class=\"wp-block-spacer\" style=\"height: 50px;\" aria-hidden=\"true\">\r\n<div class=\"wp-block-media-text alignwide\" style=\"grid-template-columns: 21% auto;\">\r\n<figure class=\"wp-block-media-text__media\"><img loading=\"lazy\" decoding=\"async\" width=\"150\" height=\"131\" class=\"wp-image-77 alignnone\" src=\"https:\/\/segl.no\/wp-content\/uploads\/2019\/11\/SEGL_MK_150px-1.png\" alt=\"\" \/><\/figure>\r\n<\/div>\r\n<\/div>\r\n<div aria-hidden=\"true\">\u00a0<\/div>\r\n<div aria-hidden=\"true\">\u00a0<\/div>\r\n<div aria-hidden=\"true\">\u00a0<\/div>\r\n<div class=\"wp-block-spacer\" style=\"height: 50px;\" aria-hidden=\"true\"><a href=\"https:\/\/segl.no\/wp-content\/uploads\/2024\/05\/TEXT_SEGL_2023_WEB.pdf\" target=\"_blank\" rel=\"noopener\">2023<\/a><\/div>\r\n<div aria-hidden=\"true\">\r\n<div class=\"wp-block-media-text__content\">\r\n<p class=\"has-small-font-size\">SEGL 2023 st\u00e5r i det (u)mulige h\u00e5pets tegn<\/p>\r\n<p><a href=\"https:\/\/stolavbok.no\/produkt\/segl-2023\/\">KJ\u00d8P<\/a><\/p>\r\n<p>&nbsp;<\/p>\r\n<\/div>\r\n<\/div>\r\n<hr class=\"wp-block-separator is-style-dots\" \/>\r\n<p><!-- \/wp:separator -->\r\n\r\n<!-- wp:spacer {\"height\":50} --><\/p>\r\n<div aria-hidden=\"true\">\u00a0<\/div>\r\n<div aria-hidden=\"true\">\r\n<div class=\"wp-block-spacer\" style=\"height: 50px;\" aria-hidden=\"true\">\r\n<div class=\"wp-block-media-text alignwide\" style=\"grid-template-columns: 21% auto;\">\r\n<figure class=\"wp-block-media-text__media\"><img loading=\"lazy\" decoding=\"async\" width=\"150\" height=\"131\" class=\"wp-image-77 alignnone\" src=\"https:\/\/segl.no\/wp-content\/uploads\/2019\/11\/SEGL_MK_150px-1.png\" alt=\"\" \/><\/figure>\r\n<\/div>\r\n<\/div>\r\n<div aria-hidden=\"true\">\u00a0<\/div>\r\n<div aria-hidden=\"true\">\u00a0<\/div>\r\n<div aria-hidden=\"true\">\u00a0<\/div>\r\n<div class=\"wp-block-spacer\" style=\"height: 50px;\" aria-hidden=\"true\"><span style=\"color: #800000;\"><strong>2024<\/strong><\/span><\/div>\r\n<div aria-hidden=\"true\">\r\n<div class=\"wp-block-media-text__content\">\r\n<p class=\"has-small-font-size\">Om kristen antropologi<\/p>\r\n<p><a href=\"https:\/\/stolavbok.no\/produkt\/segl-2024\/#_\">KJ\u00d8P<\/a><\/p>\r\n<\/div>\r\n<\/div>\r\n<\/div>\r\n<\/div>\r\n<\/div>\r\n<\/div>\r\n<\/div>\r\n<!-- \/wp:spacer -->","protected":false},"excerpt":{"rendered":"<p>Her kan du kj\u00f8pe tidligere \u00e5rganger av SEGL eller\u00a0laste de ned i pdf-format.\u00a0 2012 Et katolsk \u00e5rsskrift KJ\u00d8P 2013 Katolsk Humanisme KJ\u00d8P 2014 \u00c5 holde fast ved kj\u00e6rligheten KJ\u00d8P 2015 D\u00f8den og h\u00e5petTeresa av Avilas 500-\u00e5rsminne KJ\u00d8P 2016 Barmhjertighet KJ\u00d8P 2017 Sant menneske KJ\u00d8P 2018 Kristendom \u2013 rett og slett KJ\u00d8P 2019 Om frihet KJ\u00d8P&#8230;<\/p>\n","protected":false},"author":2,"featured_media":0,"parent":0,"menu_order":0,"comment_status":"closed","ping_status":"open","template":"","meta":{"footnotes":""},"class_list":["post-10","page","type-page","status-publish","hentry"],"_links":{"self":[{"href":"https:\/\/segl.no\/index.php\/wp-json\/wp\/v2\/pages\/10","targetHints":{"allow":["GET"]}}],"collection":[{"href":"https:\/\/segl.no\/index.php\/wp-json\/wp\/v2\/pages"}],"about":[{"href":"https:\/\/segl.no\/index.php\/wp-json\/wp\/v2\/types\/page"}],"author":[{"embeddable":true,"href":"https:\/\/segl.no\/index.php\/wp-json\/wp\/v2\/users\/2"}],"replies":[{"embeddable":true,"href":"https:\/\/segl.no\/index.php\/wp-json\/wp\/v2\/comments?post=10"}],"version-history":[{"count":52,"href":"https:\/\/segl.no\/index.php\/wp-json\/wp\/v2\/pages\/10\/revisions"}],"predecessor-version":[{"id":8045,"href":"https:\/\/segl.no\/index.php\/wp-json\/wp\/v2\/pages\/10\/revisions\/8045"}],"wp:attachment":[{"href":"https:\/\/segl.no\/index.php\/wp-json\/wp\/v2\/media?parent=10"}],"curies":[{"name":"wp","href":"https:\/\/api.w.org\/{rel}","templated":true}]}}